{"id":46,"date":"2020-12-26T22:39:13","date_gmt":"2020-12-26T21:39:13","guid":{"rendered":"http:\/\/www.farmamacas.cz\/?page_id=46"},"modified":"2023-12-28T00:48:44","modified_gmt":"2023-12-27T23:48:44","slug":"historie-farmy","status":"publish","type":"page","link":"https:\/\/farmamacas.cz\/","title":{"rendered":"Historie Farmy"},"content":{"rendered":"\n<p>Nejstar\u0161\u00ed zm\u00ednka o dom\u011b \u010d.p. 15 v obci Neratov se datuje do roku 1805, kdy tento d\u016fm vlastnil Mat\u011bj Ba\u017eant se svoj\u00ed man\u017eelkou. Ti sv\u016fj pod\u00edl p\u0159evedli na sv\u00e9ho syna Jana Ba\u017eanta s man\u017eelkou Mari\u00ed Ba\u017eantovou. Po smrti Jana Ba\u017eanta se stala jedinou majitelkou domu \u010d.p. 15 Marie Ba\u017eantov\u00e1, kter\u00e1 ale nem\u011bla dostatek sil i prost\u0159edk\u016f, aby udr\u017eela chod domu. A tak se provdala za Josefa Macase, kter\u00fd statek roz\u0161\u00ed\u0159il a dovedl k velk\u00e9 prosperit\u011b. Na sklonku \u017eivota p\u0159evedl sv\u016fj pod\u00edl na sv\u00e9ho syna Aloise Macase s man\u017eelkou. A t\u00edm se uzav\u0159ela jedna kapitola historie statku, proto\u017ee v roce 1953 byl pan Alois Macas odsouzen ze nedodr\u017een\u00ed nesmysln\u00fdch dod\u00e1vek jako vlastizr\u00e1dce. Krom trestu odn\u011bt\u00ed svobody cel\u00e1 rodina v\u010detn\u011b dvou nezletil\u00fdch d\u011bt\u00ed dost\u00e1v\u00e1 z\u00e1kaz pobytu v Pardubick\u00e9m okrese. Dlouh\u00e1 l\u00e9ta tak statek pustne a zd\u00e1 se \u017ee je jeho osud zpe\u010det\u011bn.<\/p>\n\n\n\n<p>Po roce 1990 doch\u00e1z\u00ed k rehabilitaci odsouzen\u00fdch a tedy i pana Aloise Macase, bohu\u017eel ale ten vzhledem k t\u011b\u017ek\u00fdm n\u00e1sledk\u016fm v\u011bzen\u00ed je po smrti.  Rehabilitace a i n\u00e1sledn\u00e9 restituce majetku se tak do\u017eila jen man\u017eelka spolu se dv\u011bma d\u011btmi, ti se st\u00e1vaj\u00ed v roce 1991 vlastn\u00edky statku Neratov \u010d.p. 15. Po smrti pan\u00ed Macasov\u00e9 vlastn\u00edky z\u016fst\u00e1vaj\u00ed st\u00e1le ob\u011b d\u011bti, kte\u0159\u00ed pot\u00e9 p\u0159ed\u00e1vaj\u00ed sv\u016fj pod\u00edl ka\u017ed\u00fd sv\u00e9mu jedin\u00e9mu potomkovi. V pr\u016fb\u011bhu roku 2020 se oba nakonec dohodli a na konci roku 2020 jeden z nich pan Josef Macas odkoupil cel\u00fd pod\u00edl na nemovitostech a stal se tak jedin\u00fdm vlastn\u00edkem zem\u011bd\u011blsk\u00e9 usedlosti Neratov \u010d.p. 15, v\u010detn\u011b okoln\u00edch pozemk\u016f. <\/p>\n\n\n\n<p>Od roku 2021 provoz v zem\u011bd\u011blsk\u00e9 usedlosti Neratov \u010d.p. 15 p\u0159ejmenov\u00e1v\u00e1 pan Josef Macas na obchodn\u00ed n\u00e1zev Farma Macas, kdy jej\u00ed faktick\u00fd provoz zaji\u0161\u0165uje spole\u010dnost Farma Macas  s.r.o. <\/p>\n\n\n\n<p><\/p>\n\n\n<p>Z\u00e1\u017eitkov\u00e9 <a href=\"https:\/\/www.megaubytko.cz\/neratov\">ubytov\u00e1n\u00ed Neratov<\/a> m\u016f\u017eete pro\u017e\u00edt na na\u0161\u00ed <a href=\"https:\/\/www.megaubytko.cz\/farma-macas\">Farm\u011b Macas<\/a>. Ide\u00e1ln\u00ed pro skupiny p\u0159\u00e1tel i jako <a href=\"https:\/\/www.megaubytko.cz\/pro-rodiny-s-detmi\">ubytov\u00e1n\u00ed s d\u011btmi<\/a>. U n\u00e1s za\u017eijete plno p\u0159\u00edjemn\u00fdch z\u00e1\u017eitk\u016f a kr\u00e1sn\u00e9 prost\u0159ed\u00ed <a href=\"https:\/\/www.megaubytko.cz\/vychodni-cechy\">ubytov\u00e1n\u00ed V\u00fdchodn\u00ed \u010cechy<\/a> dotvo\u0159\u00ed tu spr\u00e1vnou atmosf\u00e9ru pro dokonalou dovolenou. T\u011b\u0161\u00edme se na Va\u0161i n\u00e1v\u0161t\u011bvu.<\/p>\n\n<a href=\"https:\/\/www.toplist.cz\"><script language=\"JavaScript\" type=\"text\/javascript\" charset=\"utf-8\">\n<!--\ndocument.write('<img loading=\"lazy\" decoding=\"async\" src=\"https:\/\/toplist.cz\/count.asp?id=1803683&logo=mc&http='+\nencodeURIComponent(document.referrer)+'&t='+encodeURIComponent(document.title)+'&l='+encodeURIComponent(document.URL)+\n'&wi='+encodeURIComponent(window.screen.width)+'&he='+encodeURIComponent(window.screen.height)+'&cd='+\nencodeURIComponent(window.screen.colorDepth)+'\" width=\"88\" height=\"60\" border=0 alt=\"TOPlist\" \/>');\n\/\/--><\/script><noscript><img loading=\"lazy\" decoding=\"async\" src=\"https:\/\/toplist.cz\/count.asp?id=1803683&#038;logo=mc&#038;njs=1\" border=\"0\"\nalt=\"TOPlist\" width=\"88\" height=\"60\" \/><\/noscript><\/a>","protected":false},"excerpt":{"rendered":"<p>Nejstar\u0161\u00ed zm\u00ednka o dom\u011b \u010d.p. 15 v obci Neratov se datuje do roku 1805, kdy tento d\u016fm vlastnil Mat\u011bj Ba\u017eant se svoj\u00ed man\u017eelkou. Ti sv\u016fj&hellip; <\/p>\n","protected":false},"author":1,"featured_media":0,"parent":0,"menu_order":0,"comment_status":"closed","ping_status":"closed","template":"","meta":{"footnotes":""},"class_list":["post-46","page","type-page","status-publish","hentry"],"_links":{"self":[{"href":"https:\/\/farmamacas.cz\/index.php\/wp-json\/wp\/v2\/pages\/46","targetHints":{"allow":["GET"]}}],"collection":[{"href":"https:\/\/farmamacas.cz\/index.php\/wp-json\/wp\/v2\/pages"}],"about":[{"href":"https:\/\/farmamacas.cz\/index.php\/wp-json\/wp\/v2\/types\/page"}],"author":[{"embeddable":true,"href":"https:\/\/farmamacas.cz\/index.php\/wp-json\/wp\/v2\/users\/1"}],"replies":[{"embeddable":true,"href":"https:\/\/farmamacas.cz\/index.php\/wp-json\/wp\/v2\/comments?post=46"}],"version-history":[{"count":15,"href":"https:\/\/farmamacas.cz\/index.php\/wp-json\/wp\/v2\/pages\/46\/revisions"}],"predecessor-version":[{"id":337,"href":"https:\/\/farmamacas.cz\/index.php\/wp-json\/wp\/v2\/pages\/46\/revisions\/337"}],"wp:attachment":[{"href":"https:\/\/farmamacas.cz\/index.php\/wp-json\/wp\/v2\/media?parent=46"}],"curies":[{"name":"wp","href":"https:\/\/api.w.org\/{rel}","templated":true}]}}