{"id":248,"date":"2023-12-14T19:19:08","date_gmt":"2023-12-14T18:19:08","guid":{"rendered":"http:\/\/www.farmamacas.cz\/?page_id=248"},"modified":"2023-12-14T20:22:01","modified_gmt":"2023-12-14T19:22:01","slug":"opravy-zemedelskych-stroju","status":"publish","type":"page","link":"https:\/\/farmamacas.cz\/index.php\/opravy-zemedelskych-stroju\/","title":{"rendered":"Opravy zem\u011bd\u011blsk\u00fdch stroj\u016f"},"content":{"rendered":"\n<p>Zab\u00fdv\u00e1me se opravou zem\u011bd\u011blsk\u00fdch stroj\u016f<\/p>\n\n\n\n<figure class=\"wp-block-gallery has-nested-images columns-default is-cropped wp-block-gallery-1 is-layout-flex wp-block-gallery-is-layout-flex\">\n<figure class=\"wp-block-image size-large\"><img decoding=\"async\" data-id=\"202\" src=\"https:\/\/farmamacas.cz\/wp-content\/uploads\/2023\/12\/20231116_125721.jpg\" alt=\"\" class=\"wp-image-202\"\/><\/figure>\n\n\n\n<figure class=\"wp-block-image size-large\"><img loading=\"lazy\" decoding=\"async\" width=\"1024\" height=\"473\" data-id=\"201\" src=\"https:\/\/farmamacas.cz\/wp-content\/uploads\/2023\/12\/20231116_125714-1024x473.jpg\" alt=\"\" class=\"wp-image-201\" srcset=\"https:\/\/farmamacas.cz\/wp-content\/uploads\/2023\/12\/20231116_125714-1024x473.jpg 1024w, https:\/\/farmamacas.cz\/wp-content\/uploads\/2023\/12\/20231116_125714-300x139.jpg 300w, https:\/\/farmamacas.cz\/wp-content\/uploads\/2023\/12\/20231116_125714-768x355.jpg 768w, https:\/\/farmamacas.cz\/wp-content\/uploads\/2023\/12\/20231116_125714-1536x710.jpg 1536w, https:\/\/farmamacas.cz\/wp-content\/uploads\/2023\/12\/20231116_125714-2048x947.jpg 2048w, https:\/\/farmamacas.cz\/wp-content\/uploads\/2023\/12\/20231116_125714-600x277.jpg 600w\" sizes=\"auto, (max-width: 1024px) 100vw, 1024px\" \/><\/figure>\n\n\n\n<figure class=\"wp-block-image size-large\"><img decoding=\"async\" data-id=\"200\" src=\"https:\/\/farmamacas.cz\/wp-content\/uploads\/2023\/12\/20231116_125700.jpg\" alt=\"\" class=\"wp-image-200\"\/><\/figure>\n\n\n\n<figure class=\"wp-block-image size-large\"><img loading=\"lazy\" decoding=\"async\" width=\"2560\" height=\"1183\" data-id=\"194\" src=\"https:\/\/farmamacas.cz\/wp-content\/uploads\/2023\/12\/20231116_125548-scaled.jpg\" alt=\"\" class=\"wp-image-194\" srcset=\"https:\/\/farmamacas.cz\/wp-content\/uploads\/2023\/12\/20231116_125548-scaled.jpg 2560w, https:\/\/farmamacas.cz\/wp-content\/uploads\/2023\/12\/20231116_125548-300x139.jpg 300w\" sizes=\"auto, (max-width: 2560px) 100vw, 2560px\" \/><\/figure>\n\n\n\n<figure class=\"wp-block-image size-large\"><img decoding=\"async\" data-id=\"193\" src=\"https:\/\/farmamacas.cz\/wp-content\/uploads\/2023\/12\/20231116_125537.jpg\" alt=\"\" class=\"wp-image-193\"\/><\/figure>\n\n\n\n<figure class=\"wp-block-image size-large\"><img loading=\"lazy\" decoding=\"async\" width=\"2560\" height=\"1183\" data-id=\"192\" src=\"https:\/\/farmamacas.cz\/wp-content\/uploads\/2023\/12\/20231116_125527-scaled.jpg\" alt=\"\" class=\"wp-image-192\"\/><\/figure>\n\n\n\n<figure class=\"wp-block-image size-large\"><img decoding=\"async\" data-id=\"191\" src=\"https:\/\/farmamacas.cz\/wp-content\/uploads\/2023\/12\/20231116_125506.jpg\" alt=\"\" class=\"wp-image-191\"\/><\/figure>\n\n\n\n<figure class=\"wp-block-image size-large\"><img loading=\"lazy\" decoding=\"async\" width=\"1024\" height=\"473\" data-id=\"190\" src=\"https:\/\/farmamacas.cz\/wp-content\/uploads\/2023\/12\/20231116_125501-1024x473.jpg\" alt=\"\" class=\"wp-image-190\" srcset=\"https:\/\/farmamacas.cz\/wp-content\/uploads\/2023\/12\/20231116_125501-1024x473.jpg 1024w, https:\/\/farmamacas.cz\/wp-content\/uploads\/2023\/12\/20231116_125501-300x139.jpg 300w, https:\/\/farmamacas.cz\/wp-content\/uploads\/2023\/12\/20231116_125501-768x355.jpg 768w, https:\/\/farmamacas.cz\/wp-content\/uploads\/2023\/12\/20231116_125501-1536x710.jpg 1536w, https:\/\/farmamacas.cz\/wp-content\/uploads\/2023\/12\/20231116_125501-2048x947.jpg 2048w, https:\/\/farmamacas.cz\/wp-content\/uploads\/2023\/12\/20231116_125501-600x277.jpg 600w\" sizes=\"auto, (max-width: 1024px) 100vw, 1024px\" \/><\/figure>\n\n\n\n<figure class=\"wp-block-image size-large\"><img loading=\"lazy\" decoding=\"async\" width=\"1024\" height=\"473\" data-id=\"188\" src=\"https:\/\/farmamacas.cz\/wp-content\/uploads\/2023\/12\/20231116_125445-1024x473.jpg\" alt=\"\" class=\"wp-image-188\" srcset=\"https:\/\/farmamacas.cz\/wp-content\/uploads\/2023\/12\/20231116_125445-1024x473.jpg 1024w, https:\/\/farmamacas.cz\/wp-content\/uploads\/2023\/12\/20231116_125445-300x139.jpg 300w, https:\/\/farmamacas.cz\/wp-content\/uploads\/2023\/12\/20231116_125445-768x355.jpg 768w, https:\/\/farmamacas.cz\/wp-content\/uploads\/2023\/12\/20231116_125445-1536x710.jpg 1536w, https:\/\/farmamacas.cz\/wp-content\/uploads\/2023\/12\/20231116_125445-2048x947.jpg 2048w, https:\/\/farmamacas.cz\/wp-content\/uploads\/2023\/12\/20231116_125445-600x277.jpg 600w\" sizes=\"auto, (max-width: 1024px) 100vw, 1024px\" \/><\/figure>\n\n\n\n<figure class=\"wp-block-image size-large\"><img loading=\"lazy\" decoding=\"async\" width=\"1024\" height=\"473\" data-id=\"187\" src=\"https:\/\/farmamacas.cz\/wp-content\/uploads\/2023\/12\/20231116_125439-1024x473.jpg\" alt=\"\" class=\"wp-image-187\" srcset=\"https:\/\/farmamacas.cz\/wp-content\/uploads\/2023\/12\/20231116_125439-1024x473.jpg 1024w, https:\/\/farmamacas.cz\/wp-content\/uploads\/2023\/12\/20231116_125439-300x139.jpg 300w, https:\/\/farmamacas.cz\/wp-content\/uploads\/2023\/12\/20231116_125439-768x355.jpg 768w, https:\/\/farmamacas.cz\/wp-content\/uploads\/2023\/12\/20231116_125439-1536x710.jpg 1536w, https:\/\/farmamacas.cz\/wp-content\/uploads\/2023\/12\/20231116_125439-2048x947.jpg 2048w, https:\/\/farmamacas.cz\/wp-content\/uploads\/2023\/12\/20231116_125439-600x277.jpg 600w\" sizes=\"auto, (max-width: 1024px) 100vw, 1024px\" \/><\/figure>\n\n\n\n<figure class=\"wp-block-image size-large\"><img decoding=\"async\" data-id=\"176\" src=\"https:\/\/farmamacas.cz\/wp-content\/uploads\/2023\/12\/20231116_125124.jpg\" alt=\"\" class=\"wp-image-176\"\/><\/figure>\n\n\n\n<figure class=\"wp-block-image size-large\"><img loading=\"lazy\" decoding=\"async\" width=\"2560\" height=\"1183\" data-id=\"175\" src=\"https:\/\/farmamacas.cz\/wp-content\/uploads\/2023\/12\/20231116_125107-scaled.jpg\" alt=\"\" class=\"wp-image-175\"\/><\/figure>\n\n\n\n<figure class=\"wp-block-image size-large\"><img decoding=\"async\" data-id=\"174\" src=\"https:\/\/farmamacas.cz\/wp-content\/uploads\/2023\/12\/20231116_125056.jpg\" alt=\"\" class=\"wp-image-174\"\/><\/figure>\n\n\n\n<figure class=\"wp-block-image size-large\"><img loading=\"lazy\" decoding=\"async\" width=\"1024\" height=\"473\" data-id=\"173\" src=\"https:\/\/farmamacas.cz\/wp-content\/uploads\/2023\/12\/20231116_125049-1024x473.jpg\" alt=\"\" class=\"wp-image-173\" srcset=\"https:\/\/farmamacas.cz\/wp-content\/uploads\/2023\/12\/20231116_125049-1024x473.jpg 1024w, https:\/\/farmamacas.cz\/wp-content\/uploads\/2023\/12\/20231116_125049-300x139.jpg 300w, https:\/\/farmamacas.cz\/wp-content\/uploads\/2023\/12\/20231116_125049-768x355.jpg 768w, https:\/\/farmamacas.cz\/wp-content\/uploads\/2023\/12\/20231116_125049-1536x710.jpg 1536w, https:\/\/farmamacas.cz\/wp-content\/uploads\/2023\/12\/20231116_125049-2048x947.jpg 2048w, https:\/\/farmamacas.cz\/wp-content\/uploads\/2023\/12\/20231116_125049-600x277.jpg 600w\" sizes=\"auto, (max-width: 1024px) 100vw, 1024px\" \/><\/figure>\n\n\n\n<figure class=\"wp-block-image size-large\"><img decoding=\"async\" data-id=\"169\" src=\"https:\/\/farmamacas.cz\/wp-content\/uploads\/2023\/12\/20231116_125008.jpg\" alt=\"\" class=\"wp-image-169\"\/><\/figure>\n\n\n\n<figure class=\"wp-block-image size-large\"><img loading=\"lazy\" decoding=\"async\" width=\"1024\" height=\"473\" data-id=\"168\" src=\"https:\/\/farmamacas.cz\/wp-content\/uploads\/2023\/12\/20231116_124956-1024x473.jpg\" alt=\"\" class=\"wp-image-168\" srcset=\"https:\/\/farmamacas.cz\/wp-content\/uploads\/2023\/12\/20231116_124956-1024x473.jpg 1024w, https:\/\/farmamacas.cz\/wp-content\/uploads\/2023\/12\/20231116_124956-300x139.jpg 300w, https:\/\/farmamacas.cz\/wp-content\/uploads\/2023\/12\/20231116_124956-768x355.jpg 768w, https:\/\/farmamacas.cz\/wp-content\/uploads\/2023\/12\/20231116_124956-1536x710.jpg 1536w, https:\/\/farmamacas.cz\/wp-content\/uploads\/2023\/12\/20231116_124956-2048x947.jpg 2048w, https:\/\/farmamacas.cz\/wp-content\/uploads\/2023\/12\/20231116_124956-600x277.jpg 600w\" sizes=\"auto, (max-width: 1024px) 100vw, 1024px\" \/><\/figure>\n<\/figure>\n\n\n\n<figure class=\"wp-block-gallery has-nested-images columns-default is-cropped wp-block-gallery-2 is-layout-flex wp-block-gallery-is-layout-flex\">\n<figure class=\"wp-block-image size-large\"><img loading=\"lazy\" decoding=\"async\" width=\"1024\" height=\"473\" data-id=\"306\" src=\"https:\/\/farmamacas.cz\/wp-content\/uploads\/2023\/12\/20231206_130906-1-1024x473.jpg\" alt=\"\" class=\"wp-image-306\" srcset=\"https:\/\/farmamacas.cz\/wp-content\/uploads\/2023\/12\/20231206_130906-1-1024x473.jpg 1024w, https:\/\/farmamacas.cz\/wp-content\/uploads\/2023\/12\/20231206_130906-1-300x139.jpg 300w, https:\/\/farmamacas.cz\/wp-content\/uploads\/2023\/12\/20231206_130906-1-768x355.jpg 768w, https:\/\/farmamacas.cz\/wp-content\/uploads\/2023\/12\/20231206_130906-1-1536x710.jpg 1536w, https:\/\/farmamacas.cz\/wp-content\/uploads\/2023\/12\/20231206_130906-1-2048x947.jpg 2048w, https:\/\/farmamacas.cz\/wp-content\/uploads\/2023\/12\/20231206_130906-1-600x277.jpg 600w\" sizes=\"auto, (max-width: 1024px) 100vw, 1024px\" \/><\/figure>\n\n\n\n<figure class=\"wp-block-image size-large\"><img loading=\"lazy\" decoding=\"async\" width=\"2560\" height=\"1183\" data-id=\"305\" src=\"https:\/\/farmamacas.cz\/wp-content\/uploads\/2023\/12\/20231206_130857-1-scaled.jpg\" alt=\"\" class=\"wp-image-305\" srcset=\"https:\/\/farmamacas.cz\/wp-content\/uploads\/2023\/12\/20231206_130857-1-scaled.jpg 2560w, https:\/\/farmamacas.cz\/wp-content\/uploads\/2023\/12\/20231206_130857-1-300x139.jpg 300w\" sizes=\"auto, (max-width: 2560px) 100vw, 2560px\" \/><\/figure>\n\n\n\n<figure class=\"wp-block-image size-large\"><img loading=\"lazy\" decoding=\"async\" width=\"1024\" height=\"473\" data-id=\"304\" src=\"https:\/\/farmamacas.cz\/wp-content\/uploads\/2023\/12\/20231206_130852-1-1024x473.jpg\" alt=\"\" class=\"wp-image-304\" srcset=\"https:\/\/farmamacas.cz\/wp-content\/uploads\/2023\/12\/20231206_130852-1-1024x473.jpg 1024w, https:\/\/farmamacas.cz\/wp-content\/uploads\/2023\/12\/20231206_130852-1-300x139.jpg 300w, https:\/\/farmamacas.cz\/wp-content\/uploads\/2023\/12\/20231206_130852-1-768x355.jpg 768w, https:\/\/farmamacas.cz\/wp-content\/uploads\/2023\/12\/20231206_130852-1-1536x710.jpg 1536w, https:\/\/farmamacas.cz\/wp-content\/uploads\/2023\/12\/20231206_130852-1-2048x947.jpg 2048w, https:\/\/farmamacas.cz\/wp-content\/uploads\/2023\/12\/20231206_130852-1-600x277.jpg 600w\" sizes=\"auto, (max-width: 1024px) 100vw, 1024px\" \/><\/figure>\n\n\n\n<figure class=\"wp-block-image size-large\"><img loading=\"lazy\" decoding=\"async\" width=\"2560\" height=\"1183\" data-id=\"303\" src=\"https:\/\/farmamacas.cz\/wp-content\/uploads\/2023\/12\/20231206_130844-1-scaled.jpg\" alt=\"\" class=\"wp-image-303\"\/><\/figure>\n\n\n\n<figure class=\"wp-block-image size-large\"><img loading=\"lazy\" decoding=\"async\" width=\"2560\" height=\"1183\" data-id=\"302\" src=\"https:\/\/farmamacas.cz\/wp-content\/uploads\/2023\/12\/20231206_130821-1-scaled.jpg\" alt=\"\" class=\"wp-image-302\" srcset=\"https:\/\/farmamacas.cz\/wp-content\/uploads\/2023\/12\/20231206_130821-1-scaled.jpg 2560w, https:\/\/farmamacas.cz\/wp-content\/uploads\/2023\/12\/20231206_130821-1-300x139.jpg 300w\" sizes=\"auto, (max-width: 2560px) 100vw, 2560px\" \/><\/figure>\n\n\n\n<figure class=\"wp-block-image size-large\"><img loading=\"lazy\" decoding=\"async\" width=\"1024\" height=\"473\" data-id=\"301\" src=\"https:\/\/farmamacas.cz\/wp-content\/uploads\/2023\/12\/20231206_130809-1-1024x473.jpg\" alt=\"\" class=\"wp-image-301\" srcset=\"https:\/\/farmamacas.cz\/wp-content\/uploads\/2023\/12\/20231206_130809-1-1024x473.jpg 1024w, https:\/\/farmamacas.cz\/wp-content\/uploads\/2023\/12\/20231206_130809-1-300x139.jpg 300w, https:\/\/farmamacas.cz\/wp-content\/uploads\/2023\/12\/20231206_130809-1-768x355.jpg 768w, https:\/\/farmamacas.cz\/wp-content\/uploads\/2023\/12\/20231206_130809-1-1536x710.jpg 1536w, https:\/\/farmamacas.cz\/wp-content\/uploads\/2023\/12\/20231206_130809-1-2048x947.jpg 2048w, https:\/\/farmamacas.cz\/wp-content\/uploads\/2023\/12\/20231206_130809-1-600x277.jpg 600w\" sizes=\"auto, (max-width: 1024px) 100vw, 1024px\" \/><\/figure>\n\n\n\n<figure class=\"wp-block-image size-large\"><img decoding=\"async\" data-id=\"300\" src=\"https:\/\/farmamacas.cz\/wp-content\/uploads\/2023\/12\/20231206_130802-1.jpg\" alt=\"\" class=\"wp-image-300\"\/><\/figure>\n\n\n\n<figure class=\"wp-block-image size-large\"><img loading=\"lazy\" decoding=\"async\" width=\"2560\" height=\"1183\" data-id=\"299\" src=\"https:\/\/farmamacas.cz\/wp-content\/uploads\/2023\/12\/20231206_130753-1-scaled.jpg\" alt=\"\" class=\"wp-image-299\"\/><\/figure>\n<\/figure>\n","protected":false},"excerpt":{"rendered":"<p>Zab\u00fdv\u00e1me se opravou zem\u011bd\u011blsk\u00fdch stroj\u016f<\/p>\n","protected":false},"author":1,"featured_media":0,"parent":0,"menu_order":0,"comment_status":"closed","ping_status":"closed","template":"","meta":{"footnotes":""},"class_list":["post-248","page","type-page","status-publish","hentry"],"_links":{"self":[{"href":"https:\/\/farmamacas.cz\/index.php\/wp-json\/wp\/v2\/pages\/248","targetHints":{"allow":["GET"]}}],"collection":[{"href":"https:\/\/farmamacas.cz\/index.php\/wp-json\/wp\/v2\/pages"}],"about":[{"href":"https:\/\/farmamacas.cz\/index.php\/wp-json\/wp\/v2\/types\/page"}],"author":[{"embeddable":true,"href":"https:\/\/farmamacas.cz\/index.php\/wp-json\/wp\/v2\/users\/1"}],"replies":[{"embeddable":true,"href":"https:\/\/farmamacas.cz\/index.php\/wp-json\/wp\/v2\/comments?post=248"}],"version-history":[{"count":4,"href":"https:\/\/farmamacas.cz\/index.php\/wp-json\/wp\/v2\/pages\/248\/revisions"}],"predecessor-version":[{"id":317,"href":"https:\/\/farmamacas.cz\/index.php\/wp-json\/wp\/v2\/pages\/248\/revisions\/317"}],"wp:attachment":[{"href":"https:\/\/farmamacas.cz\/index.php\/wp-json\/wp\/v2\/media?parent=248"}],"curies":[{"name":"wp","href":"https:\/\/api.w.org\/{rel}","templated":true}]}}