{"id":20,"date":"2020-12-26T22:14:16","date_gmt":"2020-12-26T21:14:16","guid":{"rendered":"http:\/\/www.farmamacas.cz\/?page_id=20"},"modified":"2021-09-29T12:55:52","modified_gmt":"2021-09-29T10:55:52","slug":"kontakt","status":"publish","type":"page","link":"https:\/\/farmamacas.cz\/index.php\/kontakt\/","title":{"rendered":"Kontakt"},"content":{"rendered":"\n<p style=\"font-size:38px\"><strong><em>Farma Macas<\/em><\/strong><\/p>\n\n\n\n<p>Farma Macas s.r.o.<\/p>\n\n\n\n<p>I\u010c:  496 82 512<\/p>\n\n\n\n<p>spole\u010dnost zaps\u00e1na pod sp. zn. C 22025 veden\u00e1 u M\u011bstsk\u00e9ho soudu v Praze<\/p>\n\n\n\n<p>S\u00eddlo: Slezsk\u00e1 1390\/25, 130 00 Praha &#8211; Vinohrady<\/p>\n\n\n\n<p>Provozovna: Neratov 15, 533 41 L\u00e1zn\u011b Bohdane\u010d<\/p>\n\n\n\n<p>mobil (majitel)       : +420 603 236 311<\/p>\n\n\n\n<p>mobil (ubytov\u00e1n\u00ed)  : +420 603 194 844<\/p>\n\n\n\n<p>pevn\u00e1 (z\u00e1zn.)          : +420 467 771 990<\/p>\n\n\n\n<p>mail                        : neratov15@seznam.cz<\/p>\n\n\n\n<p><a href=\"https:\/\/www.facebook.com\/farmamacas.cz\">https:\/\/www.facebook.com\/farmamacas.cz<\/a><\/p>\n\n\n\n<p><a href=\"https:\/\/mapy.cz\/zakladni?x=15.6522552&amp;y=50.0812191&amp;z=15&amp;l=0&amp;source=addr&amp;id=10302977\">https:\/\/mapy.cz\/zakladni?x=15.6522552&amp;y=50.0812191&amp;z=15&amp;l=0&amp;source=addr&amp;id=10302977<\/a><\/p>\n\n\n\n<p><a href=\"https:\/\/www.google.cz\/maps\/place\/Vartex\/@50.0791003,15.6457065,18.25z\/data=!4m8!1m2!2m1!1sNeratov+15+!3m4!1s0x0:0xc354e4462529875a!8m2!3d50.0790829!4d15.6467253?hl=cs\">https:\/\/www.google.cz\/maps\/place\/Vartex\/@50.0791003,15.6457065,18.25z\/data=!4m8!1m2!2m1!1sNeratov+15+!3m4!1s0x0:0xc354e4462529875a!8m2!3d50.0790829!4d15.6467253?hl=cs<\/a><\/p>\n","protected":false},"excerpt":{"rendered":"<p>Farma Macas Farma Macas s.r.o. I\u010c: 496 82 512 spole\u010dnost zaps\u00e1na pod sp. zn. C 22025 veden\u00e1 u M\u011bstsk\u00e9ho soudu v Praze S\u00eddlo: Slezsk\u00e1 1390\/25,&hellip; <\/p>\n","protected":false},"author":1,"featured_media":0,"parent":0,"menu_order":0,"comment_status":"closed","ping_status":"closed","template":"","meta":{"footnotes":""},"class_list":["post-20","page","type-page","status-publish","hentry"],"_links":{"self":[{"href":"https:\/\/farmamacas.cz\/index.php\/wp-json\/wp\/v2\/pages\/20","targetHints":{"allow":["GET"]}}],"collection":[{"href":"https:\/\/farmamacas.cz\/index.php\/wp-json\/wp\/v2\/pages"}],"about":[{"href":"https:\/\/farmamacas.cz\/index.php\/wp-json\/wp\/v2\/types\/page"}],"author":[{"embeddable":true,"href":"https:\/\/farmamacas.cz\/index.php\/wp-json\/wp\/v2\/users\/1"}],"replies":[{"embeddable":true,"href":"https:\/\/farmamacas.cz\/index.php\/wp-json\/wp\/v2\/comments?post=20"}],"version-history":[{"count":20,"href":"https:\/\/farmamacas.cz\/index.php\/wp-json\/wp\/v2\/pages\/20\/revisions"}],"predecessor-version":[{"id":132,"href":"https:\/\/farmamacas.cz\/index.php\/wp-json\/wp\/v2\/pages\/20\/revisions\/132"}],"wp:attachment":[{"href":"https:\/\/farmamacas.cz\/index.php\/wp-json\/wp\/v2\/media?parent=20"}],"curies":[{"name":"wp","href":"https:\/\/api.w.org\/{rel}","templated":true}]}}