{"id":19,"date":"2020-12-26T22:14:16","date_gmt":"2020-12-26T21:14:16","guid":{"rendered":"http:\/\/www.farmamacas.cz\/?page_id=19"},"modified":"2020-12-27T09:45:33","modified_gmt":"2020-12-27T08:45:33","slug":"tipy-na-vylet","status":"publish","type":"page","link":"https:\/\/farmamacas.cz\/index.php\/tipy-na-vylet\/","title":{"rendered":"Tipy na v\u00fdlet"},"content":{"rendered":"\n<h1 class=\"wp-block-heading\">Nau\u010dn\u00e1 stezka &#8211; Go\u010d\u00e1r\u016fv okruh<\/h1>\n\n\n\n<p>Nau\u010dn\u00e1 stezka &#8211; Go\u010d\u00e1r\u016fv okruh je 5 km dlouh\u00e1 vych\u00e1zkov\u00e1 trasa nab\u00edzej\u00edc\u00ed nen\u00e1ro\u010dnou p\u011b\u0161\u00ed turistiku m\u011bstem i volnou krajinou v kombinaci s mo\u017enost\u00ed sezn\u00e1mit se s pozoruhodn\u00fdmi m\u00edsty a stavbami m\u011bsta L\u00e1zn\u011b Bohdane\u010d. Pojmenov\u00e1n\u00ed okruhu je vedeno snahou p\u0159ipom\u00ednat v\u00fdznamn\u00e9ho architekta Josefa Go\u010d\u00e1ra a zejm\u00e9na v\u00fdsledky jeho p\u016fsoben\u00ed ve m\u011bst\u011b na po\u010d\u00e1tku 20. stolet\u00ed. Trasa za\u010d\u00edn\u00e1 i kon\u010d\u00ed na n\u00e1m\u011bst\u00ed, kde nikdo neprojde bez pov\u0161imnut\u00ed kolem barokn\u00edho kostela \u010di renesan\u010dn\u00ed budovy radnice. Mezi nejzaj\u00edmav\u011bj\u0161\u00ed zastaven\u00ed nau\u010dn\u00e9 stezky pat\u0159\u00ed l\u00e1ze\u0148sk\u00fd pavilon Go\u010d\u00e1r, vodojem a funkcionalistick\u00e1 vila (vyprojektovan\u00e9 J. Go\u010d\u00e1rem), d\u00e1le pak slune\u010dn\u00ed hodiny, Kuttnerova kapli\u010dka, Tillerovo sed\u00e1tko a dal\u0161\u00ed.<\/p>\n\n\n\n<p><strong>Zastaven\u00ed nau\u010dn\u00e9 stezky<\/strong>:<\/p>\n\n\n\n<p>1. Radnice<\/p>\n\n\n\n<p>2. Masarykovo n\u00e1m\u011bst\u00ed<\/p>\n\n\n\n<p>3. Penzion \u0160kroup<\/p>\n\n\n\n<p>4. Kostel sv. Ma\u0159\u00ed Magdal\u00e9ny<\/p>\n\n\n\n<p>5. Slune\u010dn\u00ed hodiny<\/p>\n\n\n\n<p>6. L\u00e9\u010debn\u00e9 l\u00e1zn\u011b<\/p>\n\n\n\n<p>7. L\u00e1ze\u0148sk\u00fd pavilon Go\u010d\u00e1r<\/p>\n\n\n\n<p>8. L\u00e1ze\u0148sk\u00fd park<\/p>\n\n\n\n<p>9. Kuttnerova kapli\u010dka<\/p>\n\n\n\n<p>10. Tillerovo sed\u00e1tko<\/p>\n\n\n\n<p>11. Go\u010d\u00e1r\u016fv vodojem<\/p>\n\n\n\n<p>12. Alej ke h\u0159bitov\u016fm<\/p>\n\n\n\n<p>13. Bohdane\u010dsk\u00e9 h\u0159bitovy, Pam\u00e1tn\u00edk ob\u011btem sv\u011btov\u00fdch v\u00e1lek<\/p>\n\n\n\n<p>14. Go\u010d\u00e1rova vila v Dukelsk\u00e9 ulici<\/p>\n\n\n\n<p><strong>1. Radnice<\/strong><\/p>\n\n\n\n<p>Historie bohdane\u010dsk\u00e9 radnice sah\u00e1 do roku 1530. Objekt radnice p\u016fvodn\u011b tvo\u0159ily t\u0159i domy. P\u0159i velk\u00e9 p\u0159estavb\u011b radni\u010dn\u00edch dom\u016f po po\u017e\u00e1ru v roce 1772 byla jejich renesan\u010dn\u00ed podoba potla\u010dena prvky barokn\u00edmi (zejm\u00e9na pr\u016f\u010del\u00ed zakon\u010den\u00e9 atikou, na n\u011bm\u017e je od roku 1783 um\u00edst\u011bn m\u011bstsk\u00fd znak). U sloup\u016f podloub\u00ed st\u00e1valy kdysi mu\u010d\u00edc\u00ed n\u00e1stroje \u2013 trdlice, kl\u00e1da a pran\u00fd\u0159. Na radni\u010dn\u00edm dvo\u0159e bylo v\u011bzen\u00ed, naz\u00fdvan\u00e9 \u0161upna. Od dob Josefa II. je po lev\u00e9 stran\u011b p\u0159i vstupu do budovy zapu\u0161t\u011bn v\u00edde\u0148sk\u00fd loket, m\u00edra dlouh\u00e1 78 cm. V prvn\u00edm pat\u0159e budovy se nach\u00e1z\u00ed velk\u00e1 zasedac\u00ed Langrova s\u00ed\u0148, kde bylo v 1. polovin\u011b 20. stolet\u00ed um\u00edst\u011bno m\u011bstsk\u00e9 muzeum, a kon\u0161elsk\u00e1 \u2013 dnes ob\u0159adn\u00ed s\u00ed\u0148. Sou\u010dasnou podobu radnici vtiskla oprava fas\u00e1dy v roce 1999. Radnice je s\u00eddlem m\u00edstn\u00ed spr\u00e1vy, ale konaj\u00ed se tu i nejr\u016fzn\u011bj\u0161\u00ed akce spole\u010densk\u00e9 \u2013 v\u00fdstavy, p\u0159edn\u00e1\u0161ky, koncerty apod.<\/p>\n\n\n\n<p><strong>2. Masarykovo n\u00e1m\u011bst\u00ed<\/strong><\/p>\n\n\n\n<p>Rozlehl\u00e9 n\u00e1m\u011bst\u00ed le\u017e\u00edc\u00ed v pr\u016fse\u010d\u00edku dvou v\u00fdznamn\u00fdch dopravn\u00edch tah\u016f je p\u0159irozen\u00fdm centrem m\u011bsta. Pr\u00e1v\u011b zde, na k\u0159i\u017eovatce cest Pardubice\u2013Chlumec nad Cidlinou a P\u0159elou\u010d\u2013Hradec Kr\u00e1lov\u00e9, vznikla ve 14. stolet\u00ed osada Bohdane\u010d. Na n\u00e1m\u011bst\u00ed se nach\u00e1z\u00ed \u0159ada v\u00fdznamn\u00fdch objekt\u016f \u2013 radnice, kostel sv. Ma\u0159\u00ed Magdal\u00e9ny, Go\u010d\u00e1r\u016fv Penzion \u0160kroup, budova \u0161koly z roku 1896, d\u016fm \u010dp. 112 s p\u016fvodn\u00edm pern\u0161t\u00fdnsk\u00fdm terakotov\u00fdm ost\u011bn\u00edm, barokn\u00ed d\u016fm \u010dp. 46 s emp\u00edrov\u00fdm \u0161t\u00edtem z poloviny 18. stol., fara, l\u00e1ze\u0148sk\u00e9 budovy aj. V letech 2002 a\u017e 2004 byla podle n\u00e1vrhu architekta Stanislava Picka provedena komplexn\u00ed rekonstrukce parteru n\u00e1m\u011bst\u00ed. Vedle \u0159e\u0161en\u00ed dopravn\u00ed situace bylo jej\u00edm c\u00edlem zv\u00fd\u0161it obytnou hodnotu n\u00e1m\u011bst\u00ed a jeho p\u016fsobivost. Font\u00e1ny a bohat\u00e1 zele\u0148 tak dnes dotv\u00e1\u0159ej\u00ed poklidnou atmosf\u00e9ru l\u00e1ze\u0148sk\u00e9ho m\u011bsta.<\/p>\n\n\n\n<p><strong>3. Penzion \u0160kroup<\/strong><\/p>\n\n\n\n<p>Penzion \u0160kroup (p\u016fvodn\u011b Vesel\u00fdch) vyprojektoval jeden z nejzn\u00e1m\u011bj\u0161\u00edch architekt\u016f 20. stolet\u00ed \u2013 Josef Go\u010d\u00e1r. Jeho n\u00e1vrh realizoval v letech 1914 a\u017e 1916 pra\u017esk\u00fd stavitel Franti\u0161ek Zavadil. Penzion nechal postavit tehdej\u0161\u00ed starosta obce Franti\u0161ek Vesel\u00fd, nebo\u0165 ve m\u011bst\u011b chyb\u011bly pokoje s pln\u00fdm komfortem \u2013 tzv. \u201elep\u0161\u00ed byty&#8220;. Od roku 1929 slou\u017eil penzion k ubytov\u00e1n\u00ed l\u00e1ze\u0148sk\u00fdch host\u016f, s v\u00fdjimkou doby 2. sv\u011btov\u00e9 v\u00e1lky, kdy zde bylo z\u0159\u00edzeno velitelstv\u00ed n\u011bmeck\u00e9 arm\u00e1dy. Po roce 1948 p\u0159e\u0161el objekt do vlastnictv\u00ed st\u00e1tn\u00edch l\u00e1zn\u00ed. Od 90. let 20. stolet\u00ed pat\u0159\u00ed soukrom\u00e9mu vlastn\u00edkovi.<\/p>\n\n\n\n<p><strong>4. Kostel sv. Ma\u0159\u00ed Magdal\u00e9ny<\/strong><\/p>\n\n\n\n<p>Barokn\u00ed jednolo\u010fov\u00fd kostel postavil v prvn\u00ed t\u0159etin\u011b 18. stolet\u00ed he\u0159manom\u011bsteck\u00fd stavitel Franti\u0161ek Jedli\u010dka podle n\u00e1vrhu pra\u017esk\u00e9ho architekta Tom\u00e1\u0161e Haffeneckera. Bohat\u00e1 vnit\u0159n\u00ed v\u00fdzdoba je z velk\u00e9 \u010d\u00e1sti barokn\u00ed. K nejhodnotn\u011bj\u0161\u00edm prvk\u016fm pat\u0159\u00ed plastiky sv\u011btc\u016f od mistra Rohrbacha. Autorem velk\u00e9ho malovan\u00e9ho olt\u00e1\u0159e je Josef Kramol\u00edn. Kosteln\u00ed v\u011b\u017e zdobil kdysi krom\u011b hodin i malovan\u00fd orloj. Uvnit\u0159 v\u011b\u017ee se nach\u00e1z\u00ed 5 zvon\u016f. Nejstar\u0161\u00ed z nich \u201ePoledn\u00edk\u201c poch\u00e1z\u00ed z roku 1565. Za zm\u00ednku jist\u011b stoj\u00ed, \u017ee ve v\u011b\u017en\u00ed sv\u011btnici bydlel je\u0161t\u011b na po\u010d\u00e1tku 20. stolet\u00ed se sv\u00fdmi 11 d\u011btmi kosteln\u00edk Franti\u0161ek Vondr\u00e1\u010dek. Pou\u017e\u00edval zde i pec, jej\u00ed\u017e kom\u00edn je dosud vid\u011bt na st\u0159e\u0161e v\u011b\u017ee. V roce 2002 byla zah\u00e1jena obnova fas\u00e1dy a st\u0159echy kostela. P\u0159i proch\u00e1zce kolem kostela m\u016f\u017eeme spat\u0159it nov\u011b zrestaurovanou p\u00edskovcovou sochu sv. Jana Nepomuck\u00e9ho z roku 1733 a v rohu n\u00e1m\u011bst\u00ed faru.<\/p>\n\n\n\n<p><strong>5. Slune\u010dn\u00ed hodiny<\/strong><\/p>\n\n\n\n<p>Slune\u010dn\u00ed hodiny jsou zn\u00e1m\u00e9 ji\u017e od antiky a a\u017e do dne\u0161n\u00edch dn\u016f se jedn\u00e1 o velice zaj\u00edmav\u00fd n\u00e1stroj m\u011b\u0159en\u00ed \u010dasu. Ud\u00e1vaj\u00ed prav\u00fd m\u00edstn\u00ed \u010das dle d\u00e9lky a sm\u011bru st\u00ednu, kter\u00fd b\u011bhem dne vrhaj\u00ed ukazatele (nap\u0159. sloup nebo ty\u010d). St\u00edn se prom\u00edt\u00e1 na desku svislou (nap\u0159. na st\u011bnu domu), vodorovnou nebo i \u0161ikmou a na kru\u017enici rozd\u011blen\u00e9 na 360\u00b0 se posune za ka\u017edou hodinu v\u017edy o 15\u00b0. Zde se jedn\u00e1 o tzv. analematick\u00e9 slune\u010dn\u00ed hodiny (m\u011b\u0159\u00ed \u010das pomoc\u00ed hodinov\u00fdch \u00fahl\u016f) a je to \u010dlov\u011bk, jeho\u017e st\u00edn na stupnici zajist\u00ed zm\u011b\u0159en\u00ed spr\u00e1vn\u00e9ho \u010dasu. N\u00e1vod na zji\u0161t\u011bn\u00ed \u010dasu je velice jednoduch\u00fd: Na vodorovn\u00e9 desce se p\u0159esu\u0148te na zna\u010dku aktu\u00e1ln\u00edho kalend\u00e1\u0159n\u00edho m\u011bs\u00edce. St\u00edn vr\u017een\u00fd sluncem ukazuje, kolik je hodin. Je mo\u017en\u00e9 si pomoci i zvednutou pa\u017e\u00ed.<\/p>\n\n\n\n<p><strong>6. L\u00e9\u010debn\u00e9 l\u00e1zn\u011b<\/strong><\/p>\n\n\n\n<p>Na konci 19. stolet\u00ed p\u0159i\u0161el zdej\u0161\u00ed rod\u00e1k Jan Vesel\u00fd s my\u0161lenkou vyu\u017e\u00edt bl\u00edzk\u00e1 lo\u017eiska ra\u0161eliny k l\u00e9\u010debn\u00fdm \u00fa\u010del\u016fm. V srpnu 1897 zah\u00e1jil v prostor\u00e1ch b\u00fdval\u00e9ho lihovaru prvn\u00ed l\u00e1ze\u0148skou sez\u00f3nu, b\u011bhem n\u00ed\u017e nav\u0161t\u00edvilo l\u00e1zn\u011b 70 pacient\u016f. Zalo\u017een\u00ed slatinn\u00fdch l\u00e1zn\u00ed zam\u011b\u0159en\u00fdch na l\u00e9\u010dbu pohybov\u00e9ho \u00fastroj\u00ed podn\u00edtilo dal\u0161\u00ed rozvoj m\u011bsta a p\u0159edur\u010dilo jeho sou\u010dasn\u00fd rekrea\u010dn\u00ed charakter. Dnes l\u00e1zn\u011b nab\u00edzej\u00ed sv\u00fdm klient\u016fm, jejich\u017e po\u010det se pohybuje okolo osmi tis\u00edc ro\u010dn\u011b, v\u00edce ne\u017e t\u0159icet procedur v r\u00e1mci l\u00e9\u010debn\u00fdch, rekondi\u010dn\u00edch \u010di relaxa\u010dn\u00edch pobyt\u016f. Vyu\u017e\u00edv\u00e1ny jsou mimo jin\u00e9 vlastn\u00ed p\u0159\u00edrodn\u00ed l\u00e9\u010div\u00e9 zdroje \u2013 r\u00e1kosovo-ost\u0159icov\u00e1 slatina a alkalick\u00e1 kyselka. Komplex p\u011bti pavilon\u016f propojen\u00fdch krytou kolon\u00e1dou je zasazen do rozlehl\u00e9ho parku. N\u00e1v\u0161t\u011bvn\u00edci l\u00e1zn\u00ed zde najdou prakticky v\u0161e, co ke sv\u00e9mu pobytu pot\u0159ebuj\u00ed \u2013 baz\u00e9n, fitness, saunu, p\u016fj\u010dovnu kol, kav\u00e1rny, obch\u016fdky, kulturn\u00ed s\u00e1l aj.<\/p>\n\n\n\n<p><strong>7. L\u00e1ze\u0148sk\u00fd pavilon<\/strong><\/p>\n\n\n\n<p>Go\u010d\u00e1r Pavilon Go\u010d\u00e1r je nejv\u011bt\u0161\u00ed stavbou, kterou pro Bohdane\u010d vyprojektoval proslul\u00fd architekt Josef Go\u010d\u00e1r. Tento v\u00fdznamn\u00fd po\u010din modern\u00ed kubistick\u00e9 architektury realizoval v letech 1910 a\u017e 1913 stavitel Josef Novotn\u00fd z Prahy. Pavilon byl slavnostn\u011b otev\u0159en 1. kv\u011btna 1913. V roce 1926 bylo p\u0159istav\u011bno druh\u00e9 patro, \u010d\u00edm\u017e do\u0161lo k naru\u0161en\u00ed p\u016fvodn\u00edch kubistick\u00fdch prvk\u016f. Tato stavba slou\u017e\u00ed d\u00edky sv\u00e9 \u00fa\u010delnosti a prakti\u010dnosti do dne\u0161n\u00edch dn\u016f. V p\u0159\u00edzem\u00ed s p\u0159edsunutou krytou kolon\u00e1dou jsou um\u00edst\u011bna za\u0159\u00edzen\u00ed ur\u010den\u00e1 k l\u00e9\u010db\u011b ra\u0161elinou. V prvn\u00edm a druh\u00e9m pat\u0159e se nach\u00e1zej\u00ed pokoje l\u00e1ze\u0148sk\u00fdch host\u016f. Pro zp\u0159\u00edjemn\u011bn\u00ed okol\u00ed pavilonu byl u art\u00e9sk\u00e9ho pramene v roce 1929 vybudov\u00e1n baz\u00e9n, kter\u00e9mu v\u00e9vod\u00ed socha Venu\u0161e od Josefa Ji\u0159ikovsk\u00e9ho.<\/p>\n\n\n\n<p><strong>8. L\u00e1ze\u0148sk\u00fd park<\/strong><\/p>\n\n\n\n<p>Park o rozloze 17 ha byl zalo\u017een p\u0159i vzniku l\u00e1zn\u00ed podle pl\u00e1n\u016f Josefa Thomayera \u2013 vrchn\u00edho zahradn\u00edka m\u011bsta Prahy. Are\u00e1l parku je rozd\u011blen Rajskou strouhou na dv\u011b \u010d\u00e1sti: vnit\u0159n\u00ed a vn\u011bj\u0161\u00ed. Tato strouha v minulosti odvod\u0148ovala rybn\u00edky Rozko\u0161 a Oplatil. Vn\u011bj\u0161\u00ed \u010d\u00e1st kon\u010d\u00ed u bo\u017e\u00edch muk po lev\u00e9 stran\u011b silnice na Pardubice a d\u00e1le p\u0159ech\u00e1z\u00ed v les a do voln\u00e9 krajiny. V parku roste p\u0159ibli\u017en\u011b sto druh\u016f dom\u00e1c\u00edch i cizokrajn\u00fdch d\u0159evin, jejich\u017e st\u00e1\u0159\u00ed se pohybuje kolem osmdes\u00e1ti let. Skladba d\u0159evin vn\u011bj\u0161\u00edho parku je dnes ji\u017e m\u00e9n\u011b pestr\u00e1; odpov\u00edd\u00e1 slo\u017een\u00ed les\u016f v okol\u00ed (borovice, l\u00edpy, javory aj.). Krom\u011b mnoha kr\u00e1sn\u00fdch strom\u016f lze v l\u00e1ze\u0148sk\u00e9m parku pozorovat i hojn\u00fd po\u010det bylin. N\u011bkter\u00e9 se zde roz\u0161\u00ed\u0159ily samovoln\u011b, jin\u00e9 (zejm\u00e9na v okol\u00ed pavilon\u016f) byly vys\u00e1zeny um\u011ble.<\/p>\n\n\n\n<p><strong>9. Kuttnerova kapli\u010dka<\/strong><\/p>\n\n\n\n<p>P\u016fvodn\u00ed kapli\u010dka Nanebevzet\u00ed Panny Marie st\u00e1la o n\u011bkolik metr\u016f v\u00fd\u0161 ne\u017e kapli\u010dka sou\u010dasn\u00e1. V roce 1794 ji v\u0161ak rozst\u0159\u00edleli voj\u00e1ci. Tehdej\u0161\u00ed purkmistr Josef \u0160int\u00e1k marn\u011b \u017e\u00e1dal vrchnost o zaji\u0161t\u011bn\u00ed jej\u00ed opravy. Teprve za\u010d\u00e1tkem 19. stolet\u00ed nechal purkmistr Jan Franti\u0161ek Kuttner na vlastn\u00ed n\u00e1klady postavit novou mari\u00e1nskou kapli\u010dku. Na m\u00edst\u011b p\u016fvodn\u00ed kapli\u010dky postavil v roce 1819 kamenn\u00fd k\u0159\u00ed\u017e. Kapli\u010dka je typickou uk\u00e1zkou lidov\u00e9 barokn\u00ed architektury. Sou\u010dasnou podobu z\u00edskala po oprav\u011b v roce 2000, kterou sv\u00e9pomoc\u00ed zajistili bohdane\u010dt\u00ed ob\u010dan\u00e9. Uvnit\u0159 je um\u00edst\u011bna s\u00e1drov\u00e1 replika p\u016fvodn\u00ed so\u0161ky Panenky Marie n\u00e1hradou za odcizenou pam\u00e1tnou so\u0161ku Panny Marie Lurdsk\u00e9. Podle pov\u011bsti b\u00fdvala kdysi na kopci nad kapli\u010dkou tvrz p\u00e1n\u016f z Cimburka, kde m\u011bl b\u00fdt ukryt poklad. P\u0159i hled\u00e1n\u00ed pokladu zde pr\u00fd byly nalezeny pouze hlubok\u00e9 sklepy a v nich star\u00e9 v\u00edno.<\/p>\n\n\n\n<p><strong>10. Tillerovo sed\u00e1tko<\/strong><\/p>\n\n\n\n<p>Tuto drobnou stavbu s inici\u00e1lou k\u0159estn\u00edho jm\u00e9na pan\u00ed Marie Tillerov\u00e9 nechal ve \u010dty\u0159ic\u00e1t\u00fdch letech 20. stolet\u00ed vybudovat pro svou man\u017eelku na jej\u00edm obl\u00edben\u00e9m m\u00edst\u011b plukovn\u00edk Karel Tiller. V roce 2001 pro\u0161la stavba celkovou rekonstrukc\u00ed (financovanou \u010d\u00e1ste\u010dn\u011b z ve\u0159ejn\u00e9 sb\u00edrky, \u010d\u00e1ste\u010dn\u011b z rozpo\u010dtu m\u011bsta). Dnes je Tillerovo sed\u00e1tko op\u011bt m\u00edstem pro p\u0159\u00edjemn\u00e9 posezen\u00ed v b\u0159ezov\u00e9m h\u00e1jku s v\u00fdhledem na louku i hr\u00e1z b\u00fdval\u00e9ho rybn\u00edka Rozko\u0161.<\/p>\n\n\n\n<p><strong>11. Go\u010d\u00e1r\u016fv vodojem<\/strong><\/p>\n\n\n\n<p>\u017delezobetonov\u00fd vodojem byl postaven na kopci nad m\u011bstem v roce 1910 pra\u017eskou firmou Hr\u016fza &amp; Rosenberg podle projektu architekta Josefa Go\u010d\u00e1ra. Vod\u00e1rensk\u00e1 v\u011b\u017e slou\u017eila bohdane\u010dsk\u00e9mu vodovodu do roku 1980.<\/p>\n\n\n\n<p><strong>12. Alej ke h\u0159bitov\u016fm<\/strong><\/p>\n\n\n\n<p>B\u0159ezov\u00e1 alej k bohdane\u010dsk\u00fdm h\u0159bitov\u016fm byla zalo\u017eena roku 1902. V roce 1957 byla, spolu se dv\u011bma l\u00edpami na h\u0159bitov\u011b, vyhl\u00e1\u0161ena p\u0159\u00edrodn\u00edm objektem na \u00fazem\u00ed m\u011bsta. Na podzim roku 1995 p\u0159istoupilo m\u011bsto ke komplexn\u00ed obnov\u011b aleje v\u010detn\u011b cesty, ve\u0159ejn\u00e9ho osv\u011btlen\u00ed a kapli\u010dky. Pietn\u00ed r\u00e1z aleje z\u016fstal zachov\u00e1n a toto m\u00edsto je st\u00e1le obl\u00edben\u00fdm vych\u00e1zkov\u00fdm c\u00edlem m\u00edstn\u00edch obyvatel i v\u00fdletn\u00edk\u016f. Uprost\u0159ed aleje najdeme kapli\u010dku sv. Jana Nepomuck\u00e9ho, zvanou Koutn\u00edkova. V roce 1829 ji dal postavit kupec a purkmistr V\u00e1clav Romedius Koutn\u00edk. D\u0159ev\u011bnou so\u0161ku sv. Jana Nepomuck\u00e9ho daroval z vybaven\u00ed fary far\u00e1\u0159 Franti\u0161ek Pab\u00ed\u010dek. Dnes je kapli\u010dka pr\u00e1zdn\u00e1.<\/p>\n\n\n\n<p><strong>13. Bohdane\u010dsk\u00e9 h\u0159bitovy<\/strong><\/p>\n\n\n\n<p>Bohdane\u010dsk\u00fd \u201estar\u00fd\u201c h\u0159bitov je m\u00edstem posledn\u00edho odpo\u010dinku mnoha v\u00fdznamn\u00fdch osobnost\u00ed kulturn\u00edho a spole\u010densk\u00e9ho \u017eivota \u2013 nap\u0159. b\u00e1sn\u00edka J.J. Langra, spisovatele K.\u0160\u00edpka, zakladatele l\u00e1zn\u00ed J.Vesel\u00e9ho nebo dlouholet\u00e9ho starosty m\u011bsta F.Vesel\u00e9ho. Jsou zde poh\u0159beni i rodi\u010de architekta J.Go\u010d\u00e1ra. V\u00fdznamnou architektonickou dominantou v prostoru h\u0159bitov\u016f je h\u0159bitovn\u00ed kaple sv. Ji\u0159\u00ed.<\/p>\n\n\n\n<p><strong>Pam\u00e1tn\u00edk ob\u011btem sv\u011btov\u00fdch v\u00e1lek<\/strong><\/p>\n\n\n\n<p>Za pov\u0161imnut\u00ed stoj\u00ed tak\u00e9 pam\u00e1tn\u00edk ob\u011btem sv\u011btov\u00fdch v\u00e1lek. Byl zhotoven akademick\u00fdm socha\u0159em Jaroslavem \u010cern\u00fdm v roce 2003 z iniciativy Svazu bojovn\u00edk\u016f za svobodu a M\u011bsta L\u00e1zn\u011b Bohdane\u010d. Motiv otisk\u016f rukou, vytesan\u00fd v negativn\u00edm reli\u00e9fu do jedin\u00e9ho bloku p\u00edskovce, symbolizuje \u201epam\u011b\u0165\u201c dramatick\u00e9ho osudu ob\u011bt\u00ed v\u00e1lek.<\/p>\n\n\n\n<p><strong>14. Go\u010d\u00e1rova vila v Dukelsk\u00e9 ulici<\/strong><\/p>\n\n\n\n<p>Vila \u010dp. 280 byla postavena v roce 1930 Old\u0159ichem Kvapilem z Bohdan\u010de. Pod projektem je op\u011bt podeps\u00e1n architekt Josef Go\u010d\u00e1r, kter\u00fd zde vytvo\u0159il jedine\u010dnou funkcionalistickou stavbu na vrcholu t\u00e9to \u00e9ry. Vila je dokladem jeho v\u0161estrann\u00e9ho architektonick\u00e9ho talentu s uplat\u0148ov\u00e1n\u00edm pr\u016fkopnick\u00fdch prvk\u016f. Nese typick\u00e9 znaky funkcionalistick\u00e9 architektury \u2013 rovn\u00e1 st\u0159echa, pr\u016fb\u011b\u017en\u00e9 okno, potla\u010den\u00e1 \u0159\u00edmsa.<\/p>\n","protected":false},"excerpt":{"rendered":"<p>Nau\u010dn\u00e1 stezka &#8211; Go\u010d\u00e1r\u016fv okruh Nau\u010dn\u00e1 stezka &#8211; Go\u010d\u00e1r\u016fv okruh je 5 km dlouh\u00e1 vych\u00e1zkov\u00e1 trasa nab\u00edzej\u00edc\u00ed nen\u00e1ro\u010dnou p\u011b\u0161\u00ed turistiku m\u011bstem i volnou krajinou v&hellip; <\/p>\n","protected":false},"author":1,"featured_media":0,"parent":0,"menu_order":0,"comment_status":"closed","ping_status":"closed","template":"","meta":{"footnotes":""},"class_list":["post-19","page","type-page","status-publish","hentry"],"_links":{"self":[{"href":"https:\/\/farmamacas.cz\/index.php\/wp-json\/wp\/v2\/pages\/19","targetHints":{"allow":["GET"]}}],"collection":[{"href":"https:\/\/farmamacas.cz\/index.php\/wp-json\/wp\/v2\/pages"}],"about":[{"href":"https:\/\/farmamacas.cz\/index.php\/wp-json\/wp\/v2\/types\/page"}],"author":[{"embeddable":true,"href":"https:\/\/farmamacas.cz\/index.php\/wp-json\/wp\/v2\/users\/1"}],"replies":[{"embeddable":true,"href":"https:\/\/farmamacas.cz\/index.php\/wp-json\/wp\/v2\/comments?post=19"}],"version-history":[{"count":2,"href":"https:\/\/farmamacas.cz\/index.php\/wp-json\/wp\/v2\/pages\/19\/revisions"}],"predecessor-version":[{"id":97,"href":"https:\/\/farmamacas.cz\/index.php\/wp-json\/wp\/v2\/pages\/19\/revisions\/97"}],"wp:attachment":[{"href":"https:\/\/farmamacas.cz\/index.php\/wp-json\/wp\/v2\/media?parent=19"}],"curies":[{"name":"wp","href":"https:\/\/api.w.org\/{rel}","templated":true}]}}