{"id":16,"date":"2020-12-26T22:14:16","date_gmt":"2020-12-26T21:14:16","guid":{"rendered":"http:\/\/www.farmamacas.cz\/?page_id=16"},"modified":"2023-12-30T01:37:57","modified_gmt":"2023-12-30T00:37:57","slug":"ubytovani-na-farme","status":"publish","type":"page","link":"https:\/\/farmamacas.cz\/index.php\/ubytovani-na-farme\/","title":{"rendered":"Ubytov\u00e1n\u00ed na farm\u011b"},"content":{"rendered":"\n<p>Kdo tou\u017e\u00ed po odpo\u010dinku na statku, kter\u00fd je skute\u010dn\u00fdm statkem v provozu, nem\u016f\u017ee v\u00e1hat ani minutu. <\/p>\n\n\n<p>&#8211;&gt; <a href=\"https:\/\/www.megaubytko.cz\/farma-macas\">Informace o voln\u00fdch term\u00ednech a rezervace<\/a>.<\/p>\n\n\n<figure class=\"wp-block-gallery has-nested-images columns-default is-cropped wp-block-gallery-1 is-layout-flex wp-block-gallery-is-layout-flex\">\n<figure class=\"wp-block-image size-large\"><img decoding=\"async\" data-id=\"319\" src=\"https:\/\/farmamacas.cz\/wp-content\/uploads\/2023\/12\/20231216_092518.jpg\" alt=\"\" class=\"wp-image-319\"\/><\/figure>\n\n\n\n<figure class=\"wp-block-image size-large\"><img decoding=\"async\" data-id=\"321\" src=\"https:\/\/farmamacas.cz\/wp-content\/uploads\/2023\/12\/20231216_092623.jpg\" alt=\"\" class=\"wp-image-321\"\/><\/figure>\n\n\n\n<figure class=\"wp-block-image size-large\"><img decoding=\"async\" data-id=\"320\" src=\"https:\/\/farmamacas.cz\/wp-content\/uploads\/2023\/12\/20231216_092619.jpg\" alt=\"\" class=\"wp-image-320\"\/><\/figure>\n\n\n\n<figure class=\"wp-block-image size-large\"><img decoding=\"async\" data-id=\"322\" src=\"https:\/\/farmamacas.cz\/wp-content\/uploads\/2023\/12\/20231216_092629.jpg\" alt=\"\" class=\"wp-image-322\"\/><\/figure>\n\n\n\n<figure class=\"wp-block-image size-large\"><img decoding=\"async\" data-id=\"318\" src=\"https:\/\/farmamacas.cz\/wp-content\/uploads\/2023\/12\/20231216_092512.jpg\" alt=\"\" class=\"wp-image-318\"\/><\/figure>\n\n\n\n<figure class=\"wp-block-image size-large\"><img loading=\"lazy\" decoding=\"async\" width=\"1024\" height=\"473\" data-id=\"326\" src=\"https:\/\/farmamacas.cz\/wp-content\/uploads\/2023\/12\/20231216_092846-1024x473.jpg\" alt=\"\" class=\"wp-image-326\" srcset=\"https:\/\/farmamacas.cz\/wp-content\/uploads\/2023\/12\/20231216_092846-1024x473.jpg 1024w, https:\/\/farmamacas.cz\/wp-content\/uploads\/2023\/12\/20231216_092846-300x139.jpg 300w, https:\/\/farmamacas.cz\/wp-content\/uploads\/2023\/12\/20231216_092846-768x355.jpg 768w, https:\/\/farmamacas.cz\/wp-content\/uploads\/2023\/12\/20231216_092846-1536x710.jpg 1536w, https:\/\/farmamacas.cz\/wp-content\/uploads\/2023\/12\/20231216_092846-2048x947.jpg 2048w, https:\/\/farmamacas.cz\/wp-content\/uploads\/2023\/12\/20231216_092846-600x277.jpg 600w\" sizes=\"auto, (max-width: 1024px) 100vw, 1024px\" \/><\/figure>\n\n\n\n<figure class=\"wp-block-image size-large\"><img decoding=\"async\" data-id=\"324\" src=\"https:\/\/farmamacas.cz\/wp-content\/uploads\/2023\/12\/20231216_092656.jpg\" alt=\"\" class=\"wp-image-324\"\/><\/figure>\n\n\n\n<figure class=\"wp-block-image size-large\"><img decoding=\"async\" data-id=\"323\" src=\"https:\/\/farmamacas.cz\/wp-content\/uploads\/2023\/12\/20231216_092641.jpg\" alt=\"\" class=\"wp-image-323\"\/><\/figure>\n<\/figure>\n","protected":false},"excerpt":{"rendered":"<p>Kdo tou\u017e\u00ed po odpo\u010dinku na statku, kter\u00fd je skute\u010dn\u00fdm statkem v provozu, nem\u016f\u017ee v\u00e1hat ani minutu. &#8211;&gt; Informace o voln\u00fdch term\u00ednech a rezervace.<\/p>\n","protected":false},"author":1,"featured_media":0,"parent":0,"menu_order":0,"comment_status":"closed","ping_status":"closed","template":"","meta":{"footnotes":""},"class_list":["post-16","page","type-page","status-publish","hentry"],"_links":{"self":[{"href":"https:\/\/farmamacas.cz\/index.php\/wp-json\/wp\/v2\/pages\/16","targetHints":{"allow":["GET"]}}],"collection":[{"href":"https:\/\/farmamacas.cz\/index.php\/wp-json\/wp\/v2\/pages"}],"about":[{"href":"https:\/\/farmamacas.cz\/index.php\/wp-json\/wp\/v2\/types\/page"}],"author":[{"embeddable":true,"href":"https:\/\/farmamacas.cz\/index.php\/wp-json\/wp\/v2\/users\/1"}],"replies":[{"embeddable":true,"href":"https:\/\/farmamacas.cz\/index.php\/wp-json\/wp\/v2\/comments?post=16"}],"version-history":[{"count":10,"href":"https:\/\/farmamacas.cz\/index.php\/wp-json\/wp\/v2\/pages\/16\/revisions"}],"predecessor-version":[{"id":340,"href":"https:\/\/farmamacas.cz\/index.php\/wp-json\/wp\/v2\/pages\/16\/revisions\/340"}],"wp:attachment":[{"href":"https:\/\/farmamacas.cz\/index.php\/wp-json\/wp\/v2\/media?parent=16"}],"curies":[{"name":"wp","href":"https:\/\/api.w.org\/{rel}","templated":true}]}}